{"id":405,"date":"2018-02-21T05:40:13","date_gmt":"2018-02-21T05:40:13","guid":{"rendered":"http:\/\/www.martinito-motors.com\/?page_id=405"},"modified":"2018-02-21T16:58:07","modified_gmt":"2018-02-21T16:58:07","slug":"home","status":"publish","type":"page","link":"https:\/\/www.martinito-motors.com\/es\/home\/","title":{"rendered":"Casa"},"content":{"rendered":"<div class=\"wpb-content-wrapper\">[mk_page_section bg_color=\u00bb#232628&#8243; bg_position=\u00bbcenter center\u00bb bg_repeat=\u00bbno-repeat\u00bb bg_stretch=\u00bbtrue\u00bb min_height=\u00bb0&#8243; padding_top=\u00bb0&#8243; padding_bottom=\u00bb0&#8243; sidebar=\u00bbsidebar-1&#8243;][vc_column][mk_custom_list style=\u00bbmk-icon-clock-o\u00bb icon_color=\u00bb#aaaaaa\u00bb margin_bottom=\u00bb-30&#8243; align=\u00bbright\u00bb animation=\u00bbscale-up\u00bb]\n<ul>\n<li>LUN &#8211; VIE 8:30 AM &#8211; 5:30 PM | SAB 9:00 AM &#8211; 1:00 PM | SOL CERRADO<\/li>\n<\/ul>\n[\/mk_custom_list][vc_separator color=\u00bbcustom\u00bb accent_color=\u00bb#373b3e\u00bb css=\u00bb.vc_custom_1504989775822{margin-top: 6px !important;margin-bottom: 1px !important;}\u00bb][\/vc_column][\/mk_page_section][mk_page_section bg_image=\u00bbhttp:\/\/www.martinito-motors.com\/wp-content\/uploads\/2017\/09\/headerbkgnd.png\u00bb bg_image_portrait=\u00bbhttp:\/\/www.martinito-motors.com\/wp-content\/uploads\/2017\/09\/headerbkgnd.png\u00bb bg_color=\u00bb#232628&#8243; bg_position=\u00bbcenter top\u00bb bg_repeat=\u00bbno-repeat\u00bb bg_stretch=\u00bbtrue\u00bb padding_top=\u00bb16&#8243; padding_bottom=\u00bb16&#8243; sidebar=\u00bbsidebar-1&#8243;][vc_column width=\u00bb1\/3&#8243;][mk_image src=\u00bbhttp:\/\/www.martinito-motors.com\/wp-content\/uploads\/2017\/09\/martinito-motors-logo.png\u00bb image_size=\u00bbfull\u00bb svg=\u00bbtrue\u00bb link=\u00bbhttp:\/\/www.martinito-motors.com\u00bb][\/vc_column][vc_column width=\u00bb2\/3&#8243;][vc_row_inner][vc_column_inner el_class=\u00bbmb_header\u00bb width=\u00bb1\/3&#8243;][mk_icon_box icon=\u00bbmk-icon-map-marker\u00bb title=\u00bb3250 NW 43rd Terrace, Miami, FL 33142&#8243; text_size=\u00bb13&#8243; icon_size=\u00bblarge\u00bb icon_color=\u00bb#e5c100&#8243; icon_circle_color=\u00bb\u00bb icon_circle_border_color=\u00bb#e5c100&#8243; title_color=\u00bb#ffffff\u00bb][\/mk_icon_box][\/vc_column_inner][vc_column_inner width=\u00bb1\/3&#8243;][mk_icon_box icon=\u00bbmk-icon-phone\u00bb title=\u00bbTel\u00e9fono: \u00bb text_size=\u00bb13&#8243; style=\u00bbsimple_ultimate\u00bb icon_color=\u00bb#e5c100&#8243; title_color=\u00bb#e5c100&#8243; margin=\u00bb0&#8243; el_class=\u00bbcontact-phone\u00bb]305-633-9850[\/mk_icon_box][\/vc_column_inner][vc_column_inner el_class=\u00bbmb_header\u00bb width=\u00bb1\/3&#8243;][mk_social_networks size=\u00bblarge\u00bb style=\u00bbcircle\u00bb margin=\u00bb5&#8243; icon_color=\u00bb#d8a900&#8243; icon_hover_color=\u00bb#e5c100&#8243; facebook=\u00bbhttps:\/\/faceboock.com\u00bb twitter=\u00bbhttps:\/\/twitter.com\u00bb instagram=\u00bbhttps:\/\/instagram.com\u00bb][\/vc_column_inner][\/vc_row_inner][\/vc_column][\/mk_page_section][vc_row fullwidth=\u00bbtrue\u00bb el_class=\u00bbrow-header\u00bb css=\u00bb.vc_custom_1511302682108{background-color: #232628 !important;}\u00bb][vc_column][mk_header align=\u00bbcenter\u00bb hover_styles=\u00bb4&#8243; logo=\u00bbfalse\u00bb burger_icon=\u00bbfalse\u00bb search_icon=\u00bbfalse\u00bb woo_cart=\u00bbfalse\u00bb bg_color=\u00bb#e5c100&#8243; text_hover_skin=\u00bb#000000&#8243;][mk_revslider id=\u00bbcar-slider\u00bb][\/vc_column][\/vc_row][mk_page_section bg_position=\u00bbcenter center\u00bb padding_top=\u00bb50&#8243; padding_bottom=\u00bb20&#8243; sidebar=\u00bbsidebar-1&#8243;][vc_column width=\u00bb1\/12&#8243;][\/vc_column][vc_column width=\u00bb1\/6&#8243;][mk_image src=\u00bbhttp:\/\/www.martinito-motors.com\/wp-content\/uploads\/2017\/09\/mercedes-benz.png\u00bb image_size=\u00bbfull\u00bb link=\u00bbhttp:\/\/www.martinito-motors.com\/#\u00bb target=\u00bb_blank\u00bb align=\u00bbcenter\u00bb][\/vc_column][vc_column width=\u00bb1\/6&#8243;][mk_image src=\u00bbhttp:\/\/www.martinito-motors.com\/wp-content\/uploads\/2017\/09\/bmw.png\u00bb image_size=\u00bbfull\u00bb target=\u00bb_blank\u00bb align=\u00bbcenter\u00bb][\/vc_column][vc_column width=\u00bb1\/6&#8243;][mk_image src=\u00bbhttp:\/\/www.martinito-motors.com\/wp-content\/uploads\/2017\/09\/jaguar.png\u00bb image_size=\u00bbfull\u00bb align=\u00bbcenter\u00bb][\/vc_column][vc_column width=\u00bb1\/6&#8243;][mk_image src=\u00bbhttp:\/\/www.martinito-motors.com\/wp-content\/uploads\/2017\/09\/porsche.png\u00bb image_size=\u00bbfull\u00bb align=\u00bbcenter\u00bb][\/vc_column][vc_column width=\u00bb1\/6&#8243;][mk_image src=\u00bbhttp:\/\/www.martinito-motors.com\/wp-content\/uploads\/2017\/09\/land_rover.png\u00bb image_size=\u00bbfull\u00bb align=\u00bbcenter\u00bb][\/vc_column][vc_column width=\u00bb1\/12&#8243;][\/vc_column][\/mk_page_section][vc_row][vc_column][vc_separator border_width=\u00bb3&#8243;][\/vc_column][\/vc_row][mk_page_section sidebar=\u00bbsidebar-1&#8243;][vc_column][mk_fancy_title size=\u00bb40&#8243; force_font_size=\u00bbtrue\u00bb size_tablet=\u00bb24&#8243; size_phone=\u00bb20&#8243; font_family=\u00bbnone\u00bb drop_shadow=\u00bbtrue\u00bb]\n<p style=\"text-align: center;\"><strong>Nos especializamos en dif\u00edcil encontrar piezas de autom\u00f3viles europeas<\/strong><\/p>\n[\/mk_fancy_title][mk_fancy_title color=\u00bb#404040&#8243; size=\u00bb20&#8243; force_font_size=\u00bbtrue\u00bb size_tablet=\u00bb18&#8243; size_phone=\u00bb16&#8243; font_family=\u00bbnone\u00bb]\n<h4>Martinito Motors se especializa en autopartes usadas a precios inmejorables. Nos enorgullece servir a Miami, Florida localmente y a nuestros clientes de Nationwide con autopartes de calidad. Nos centramos en acumular piezas de autom\u00f3vil usadas dif\u00edciles de encontrar en Europa. Entendemos que puede ser frustrante buscar piezas originales en condiciones de trabajo. Esperamos probarle una experiencia sin problemas al comprar piezas de autom\u00f3viles usados. Puede solicitar f\u00e1cilmente una pieza de autom\u00f3vil utilizando nuestro sitio web y nuestro personal buscar\u00e1 en nuestro inventario para encontrar la pieza exacta para usted.<\/h4>\n[\/mk_fancy_title][mk_custom_list style=\u00bbmk-icon-circle\u00bb icon_color=\u00bb#404040&#8243; margin_bottom=\u00bb8&#8243;]\n<ul>\n<li>\n<h4>\u00a0R\u00e1pido &amp; Servicio amigable, puede llamar o enviar un correo electr\u00f3nico a nuestro equipo de repuestos<\/h4>\n<\/li>\n<li>\n<h4>\u00a0Proporcionamos env\u00edo a nivel nacional, entregando autopartes directamente a su casa o taller de reparaciones<\/h4>\n<\/li>\n<li>\n<h4>\u00a0Propiedad y gesti\u00f3n familiar desde 1975<\/h4>\n<\/li>\n<li>\n<h4>\u00a0Ahorre hasta 70% de descuento en los precios de parte del distribuidor<\/h4>\n<\/li>\n<\/ul>\n[\/mk_custom_list][mk_padding_divider][\/vc_column][\/mk_page_section][mk_page_section bg_image=\u00bbhttp:\/\/www.martinito-motors.com\/wp-content\/uploads\/2017\/09\/bmwlightson2.jpg\u00bb bg_color=\u00bb#000000&#8243; bg_position=\u00bbcenter center\u00bb bg_repeat=\u00bbno-repeat\u00bb bg_stretch=\u00bbtrue\u00bb enable_3d=\u00bbtrue\u00bb padding_top=\u00bb100&#8243; padding_bottom=\u00bb80&#8243; sidebar=\u00bbsidebar-1&#8243;][vc_column width=\u00bb1\/2&#8243; css=\u00bb.vc_custom_1510675568044{margin-top: 10px !important;}\u00bb][vc_row_inner el_class=\u00bbcar-left\u00bb css=\u00bb.vc_custom_1506534358093{padding-top: 36px !important;padding-right: 40px !important;padding-bottom: 38px !important;padding-left: 30px !important;}\u00bb][vc_column_inner width=\u00bb1\/4&#8243;][mk_image src=\u00bbhttp:\/\/www.martinito-motors.com\/wp-content\/uploads\/2017\/09\/car-left.png\u00bb image_size=\u00bbfull\u00bb][\/vc_column_inner][vc_column_inner width=\u00bb3\/4&#8243;][mk_fancy_title size=\u00bb22&#8243; margin_bottom=\u00bb0&#8243; font_family=\u00bbnone\u00bb]<strong>Buscando autopartes?<\/strong>[\/mk_fancy_title][vc_column_text css=\u00bb.vc_custom_1519226796317{margin-bottom: 0px !important;}\u00bb]En busca de la parte de los autos europeos? Tenemos BMW, Jaguar, Land Rover, Mercedes Benz, Porsche y m\u00e1s.[\/vc_column_text][mk_button dimension=\u00bbsavvy\u00bb corner_style=\u00bbfull_rounded\u00bb size=\u00bbmedium\u00bb url=\u00bbhttp:\/\/www.martinito-motors.com\/request-a-part\/\u00bb target=\u00bb_blank\u00bb margin_bottom=\u00bb5&#8243; el_class=\u00bbhome_bt\u00bb outline_skin=\u00bbcustom\u00bb outline_active_text_color=\u00bb#ffffff\u00bb outline_hover_bg_color=\u00bb#4fefb4&#8243; outline_hover_color=\u00bb#e3a734&#8243;]Solicitar piezas de autom\u00f3viles[\/mk_button][\/vc_column_inner][\/vc_row_inner][\/vc_column][vc_column width=\u00bb1\/2&#8243; css=\u00bb.vc_custom_1510675577740{margin-top: 10px !important;}\u00bb][vc_row_inner el_class=\u00bbcar-right\u00bb css=\u00bb.vc_custom_1506534366132{padding-top: 36px !important;padding-right: 40px !important;padding-bottom: 38px !important;padding-left: 30px !important;}\u00bb][vc_column_inner width=\u00bb1\/4&#8243;][mk_image src=\u00bbhttp:\/\/www.martinito-motors.com\/wp-content\/uploads\/2017\/09\/car-right.png\u00bb image_size=\u00bbfull\u00bb][\/vc_column_inner][vc_column_inner width=\u00bb3\/4&#8243;][mk_fancy_title size=\u00bb22&#8243; margin_bottom=\u00bb0&#8243; font_family=\u00bbnone\u00bb]<strong>Quieres vender un auto?<\/strong>[\/mk_fancy_title][vc_column_text css=\u00bb.vc_custom_1519226908965{margin-bottom: 0px !important;}\u00bb]Cu\u00e1nto vale tu coche? Buscando deshacerse de un viejo auto europeo? Ll\u00e1menos primero, compramos autom\u00f3viles europeos![\/vc_column_text][mk_button dimension=\u00bbsavvy\u00bb corner_style=\u00bbfull_rounded\u00bb size=\u00bbmedium\u00bb url=\u00bbhttp:\/\/www.martinito-motors.com\/sell-your-car\/\u00bb target=\u00bb_blank\u00bb margin_bottom=\u00bb5&#8243; el_class=\u00bbhome_bt\u00bb outline_skin=\u00bbcustom\u00bb outline_active_text_color=\u00bb#ffffff\u00bb outline_hover_bg_color=\u00bb#4fefb4&#8243; outline_hover_color=\u00bb#e64040&#8243;]Vende tu auto[\/mk_button][\/vc_column_inner][\/vc_row_inner][\/vc_column][\/mk_page_section][mk_page_section sidebar=\u00bbsidebar-1&#8243;][vc_column][mk_padding_divider size=\u00bb25&#8243;][mk_fancy_title size=\u00bb40&#8243; force_font_size=\u00bbtrue\u00bb size_tablet=\u00bb24&#8243; size_phone=\u00bb20&#8243; margin_bottom=\u00bb0&#8243; font_family=\u00bbnone\u00bb drop_shadow=\u00bbtrue\u00bb]\n<p style=\"text-align: center;\"><strong>Propiedad de la familia &amp; Negocio operado<\/strong><\/p>\n[\/mk_fancy_title][mk_padding_divider size=\u00bb25&#8243;][\/vc_column][\/mk_page_section][mk_page_section bg_position=\u00bbcenter center\u00bb bg_repeat=\u00bbno-repeat\u00bb bg_stretch=\u00bbtrue\u00bb sidebar=\u00bbsidebar-1&#8243;][vc_column width=\u00bb1\/2&#8243;][mk_image src=\u00bbhttp:\/\/www.martinito-motors.com\/wp-content\/uploads\/2017\/11\/martinito-motors-used-auto-parts-1.png\u00bb image_size=\u00bbfull\u00bb][\/vc_column][vc_column width=\u00bb1\/2&#8243;][mk_image src=\u00bbhttp:\/\/www.martinito-motors.com\/wp-content\/uploads\/2017\/11\/martinito-motors-used-auto-parts-10-1.jpg\u00bb image_size=\u00bbfull\u00bb][\/vc_column][\/mk_page_section][mk_page_section sidebar=\u00bbsidebar-1&#8243;][vc_column][mk_padding_divider size=\u00bb25&#8243;][mk_fancy_title size=\u00bb40&#8243; force_font_size=\u00bbtrue\u00bb size_tablet=\u00bb24&#8243; size_phone=\u00bb20&#8243; margin_bottom=\u00bb0&#8243; font_family=\u00bbnone\u00bb drop_shadow=\u00bbtrue\u00bb]\n<p style=\"text-align: center;\"><strong>Mayor inventario de piezas de autom\u00f3viles disponibles<\/strong><\/p>\n[\/mk_fancy_title][mk_padding_divider size=\u00bb25&#8243;][\/vc_column][\/mk_page_section][mk_page_section bg_position=\u00bbcenter center\u00bb bg_repeat=\u00bbno-repeat\u00bb bg_stretch=\u00bbtrue\u00bb sidebar=\u00bbsidebar-1&#8243;][vc_column width=\u00bb1\/2&#8243;][mk_image src=\u00bbhttp:\/\/www.martinito-motors.com\/wp-content\/uploads\/2017\/11\/martinito-motors-used-auto-parts-37-1.jpg\u00bb image_size=\u00bbfull\u00bb][mk_padding_divider size=\u00bb45&#8243;][\/vc_column][vc_column width=\u00bb1\/2&#8243;][mk_image src=\u00bbhttp:\/\/www.martinito-motors.com\/wp-content\/uploads\/2017\/11\/martinito-motors-used-auto-parts-22-1.jpg\u00bb image_size=\u00bbfull\u00bb][mk_padding_divider size=\u00bb45&#8243;][\/vc_column][\/mk_page_section][mk_page_section bg_color=\u00bb#efefef\u00bb padding_top=\u00bb60&#8243; padding_bottom=\u00bb40&#8243; sidebar=\u00bbsidebar-1&#8243;][vc_column][mk_fancy_title size=\u00bb40&#8243; force_font_size=\u00bbtrue\u00bb size_tablet=\u00bb24&#8243; size_phone=\u00bb20&#8243; font_weight=\u00bb500&#8243; font_family=\u00bbnone\u00bb align=\u00bbcenter\u00bb drop_shadow=\u00bbtrue\u00bb]POR QU\u00c9 ELEGIRNOS[\/mk_fancy_title][vc_row_inner][vc_column_inner width=\u00bb1\/3&#8243;][mk_icon_box icon=\u00bbmk-icon-recycle\u00bb title=\u00bb COMPRAR VERDE Y AHORRAR VERDE!\u00bb text_size=\u00bb18&#8243; font_weight=\u00bb500&#8243; style=\u00bbsimple_ultimate\u00bb icon_size=\u00bbmedium\u00bb icon_color=\u00bb#e5c100&#8243; title_color=\u00bb#404040&#8243; txt_color=\u00bb#404040&#8243; el_class=\u00bbicon_p\u00bb]Comprar repuestos de autom\u00f3viles usados de calidad le ahorra dinero y evita que los materiales se desperdicien.[\/mk_icon_box][\/vc_column_inner][vc_column_inner width=\u00bb1\/3&#8243;][mk_icon_box icon=\u00bbmk-icon-thumbs-o-up\u00bb title=\u00bbLA CALIDAD SIEMPRE EST\u00c1 GARANTIZADA!\u00bb text_size=\u00bb18&#8243; font_weight=\u00bb500&#8243; style=\u00bbsimple_ultimate\u00bb icon_size=\u00bbmedium\u00bb icon_color=\u00bb#e5c100&#8243; title_color=\u00bb#404040&#8243; txt_color=\u00bb#404040&#8243; el_class=\u00bbicon_p\u00bb]Trabajamos arduamente para garantizar que las piezas de autom\u00f3vil que le entregamos est\u00e9n operativas y funcionen para usted.[\/mk_icon_box][\/vc_column_inner][vc_column_inner width=\u00bb1\/3&#8243;][mk_icon_box icon=\u00bbmk-icon-car\u00bb title=\u00bbNO SE PREOCUPA NOSOTROS TE HEMOS CUBIERTO!\u00bb text_size=\u00bb18&#8243; font_weight=\u00bb500&#8243; style=\u00bbsimple_ultimate\u00bb icon_size=\u00bbmedium\u00bb icon_color=\u00bb#e5c100&#8243; title_color=\u00bb#404040&#8243; txt_color=\u00bb#404040&#8243; el_class=\u00bbicon_p\u00bb]Tenemos un gran inventario de piezas de autom\u00f3viles dif\u00edciles de encontrar para numerosas marcas y modelos.[\/mk_icon_box][\/vc_column_inner][\/vc_row_inner][mk_button dimension=\u00bbflat\u00bb size=\u00bblarge\u00bb icon=\u00bbmk-icon-car\u00bb icon_anim=\u00bbside\u00bb url=\u00bb http:\/\/www.martinito-motors.com\/es\/about-us\/\u00bb align=\u00bbcenter\u00bb button_custom_width=\u00bb200&#8243; margin_top=\u00bb\u00bb bg_color=\u00bb#4fefb4&#8243;]Aprende m\u00e1s[\/mk_button][\/vc_column][\/mk_page_section][mk_page_section sidebar=\u00bbsidebar-1&#8243;][vc_column][mk_padding_divider size=\u00bb30&#8243;][mk_fancy_title size=\u00bb40&#8243; force_font_size=\u00bbtrue\u00bb size_tablet=\u00bb24&#8243; size_phone=\u00bb20&#8243; margin_bottom=\u00bb0&#8243; font_family=\u00bbnone\u00bb drop_shadow=\u00bbtrue\u00bb]\n<p style=\"text-align: center;\"><strong>Su fuente m\u00e1s confiable para piezas de autom\u00f3viles usados<\/strong><\/p>\n[\/mk_fancy_title][mk_padding_divider size=\u00bb30&#8243;][\/vc_column][\/mk_page_section][mk_page_section bg_image=\u00bbhttp:\/\/www.martinito-motors.com\/wp-content\/uploads\/2017\/11\/martinito-motors-junkyard-miami-88.png\u00bb bg_position=\u00bbcenter center\u00bb bg_repeat=\u00bbno-repeat\u00bb bg_stretch=\u00bbtrue\u00bb min_height=\u00bb300&#8243; sidebar=\u00bbsidebar-1&#8243;][vc_column][mk_padding_divider size=\u00bb400&#8243;][\/vc_column][\/mk_page_section][mk_page_section bg_color=\u00bb#e5c100&#8243; bg_position=\u00bbcenter center\u00bb bg_repeat=\u00bbno-repeat\u00bb bg_stretch=\u00bbtrue\u00bb padding_top=\u00bb35&#8243; padding_bottom=\u00bb20&#8243; sidebar=\u00bbsidebar-1&#8243;][vc_column][mk_fancy_title size=\u00bb28&#8243; margin_bottom=\u00bb0&#8243; font_family=\u00bbnone\u00bb align=\u00bbcenter\u00bb drop_shadow=\u00bbtrue\u00bb]\n<h3>CONVENIENTEMENTE AL SERVICIO DE MIAMI Y MAYOR ZONA DEL SUR DE LA FLORIDA<\/h3>\n[\/mk_fancy_title][\/vc_column][\/mk_page_section]\n<\/div>","protected":false},"excerpt":{"rendered":"<p>[mk_page_section bg_color=\u00bb#232628&#8243; bg_position=\u00bbcenter center\u00bb bg_repeat=\u00bbno-repeat\u00bb bg_stretch=\u00bbtrue\u00bb min_height=\u00bb0&#8243; padding_top=\u00bb0&#8243; padding_bottom=\u00bb0&#8243; sidebar=\u00bbsidebar-1&#8243;][vc_column][mk_custom_list style=\u00bbmk-icon-clock-o\u00bb icon_color=\u00bb#aaaaaa\u00bb margin_bottom=\u00bb-30&#8243; align=\u00bbright\u00bb animation=\u00bbscale-up\u00bb] LUN &#8211; VIE 8:30 AM &#8211; 5:30 PM | SAB 9:00 AM &#8211; 1:00 PM | SOL CERRADO [\/mk_custom_list][vc_separator color=\u00bbcustom\u00bb accent_color=\u00bb#373b3e\u00bb css=\u00bb.vc_custom_1504989775822{margin-top: 6px !important;margin-bottom: 1px !important;}\u00bb][\/vc_column][\/mk_page_section][mk_page_section bg_image=\u00bbhttp:\/\/www.martinito-motors.com\/wp-content\/uploads\/2017\/09\/headerbkgnd.png\u00bb bg_image_portrait=\u00bbhttp:\/\/www.martinito-motors.com\/wp-content\/uploads\/2017\/09\/headerbkgnd.png\u00bb bg_color=\u00bb#232628&#8243; bg_position=\u00bbcenter top\u00bb bg_repeat=\u00bbno-repeat\u00bb bg_stretch=\u00bbtrue\u00bb padding_top=\u00bb16&#8243; padding_bottom=\u00bb16&#8243; sidebar=\u00bbsidebar-1&#8243;][vc_column width=\u00bb1\/3&#8243;][mk_image src=\u00bbhttp:\/\/www.martinito-motors.com\/wp-content\/uploads\/2017\/09\/martinito-motors-logo.png\u00bb image_size=\u00bbfull\u00bb svg=\u00bbtrue\u00bb [&hellip;]<\/p>\n","protected":false},"author":4,"featured_media":0,"parent":0,"menu_order":0,"comment_status":"closed","ping_status":"closed","template":"","meta":{"footnotes":""},"class_list":["post-405","page","type-page","status-publish","hentry"],"yoast_head":"<!-- This site is optimized with the Yoast SEO plugin v26.5 - https:\/\/yoast.com\/wordpress\/plugins\/seo\/ -->\n<title>Casa - Martinito Motors<\/title>\n<meta name=\"robots\" content=\"index, follow, max-snippet:-1, max-image-preview:large, max-video-preview:-1\" \/>\n<link rel=\"canonical\" href=\"https:\/\/www.martinito-motors.com\/es\/\" \/>\n<meta property=\"og:locale\" content=\"es_ES\" \/>\n<meta property=\"og:type\" content=\"article\" \/>\n<meta property=\"og:title\" content=\"Casa - Martinito Motors\" \/>\n<meta property=\"og:description\" content=\"[mk_page_section bg_color=\u00bb#232628&#8243; bg_position=\u00bbcenter center\u00bb bg_repeat=\u00bbno-repeat\u00bb bg_stretch=\u00bbtrue\u00bb min_height=\u00bb0&#8243; padding_top=\u00bb0&#8243; padding_bottom=\u00bb0&#8243; sidebar=\u00bbsidebar-1&#8243;][vc_column][mk_custom_list style=\u00bbmk-icon-clock-o\u00bb icon_color=\u00bb#aaaaaa\u00bb margin_bottom=\u00bb-30&#8243; align=\u00bbright\u00bb animation=\u00bbscale-up\u00bb] LUN &#8211; VIE 8:30 AM &#8211; 5:30 PM | SAB 9:00 AM &#8211; 1:00 PM | SOL CERRADO [\/mk_custom_list][vc_separator color=\u00bbcustom\u00bb accent_color=\u00bb#373b3e\u00bb css=\u00bb.vc_custom_1504989775822{margin-top: 6px !important;margin-bottom: 1px !important;}\u00bb][\/vc_column][\/mk_page_section][mk_page_section bg_image=\u00bbhttp:\/\/www.martinito-motors.com\/wp-content\/uploads\/2017\/09\/headerbkgnd.png\u00bb bg_image_portrait=\u00bbhttp:\/\/www.martinito-motors.com\/wp-content\/uploads\/2017\/09\/headerbkgnd.png\u00bb bg_color=\u00bb#232628&#8243; bg_position=\u00bbcenter top\u00bb bg_repeat=\u00bbno-repeat\u00bb bg_stretch=\u00bbtrue\u00bb padding_top=\u00bb16&#8243; padding_bottom=\u00bb16&#8243; sidebar=\u00bbsidebar-1&#8243;][vc_column width=\u00bb1\/3&#8243;][mk_image src=\u00bbhttp:\/\/www.martinito-motors.com\/wp-content\/uploads\/2017\/09\/martinito-motors-logo.png\u00bb image_size=\u00bbfull\u00bb svg=\u00bbtrue\u00bb [&hellip;]\" \/>\n<meta property=\"og:url\" content=\"https:\/\/www.martinito-motors.com\/es\/\" \/>\n<meta property=\"og:site_name\" content=\"Martinito Motors\" \/>\n<meta property=\"article:modified_time\" content=\"2018-02-21T16:58:07+00:00\" \/>\n<meta name=\"twitter:card\" content=\"summary_large_image\" \/>\n<meta name=\"twitter:label1\" content=\"Tiempo de lectura\" \/>\n\t<meta name=\"twitter:data1\" content=\"9 minutos\" \/>\n<script type=\"application\/ld+json\" class=\"yoast-schema-graph\">{\"@context\":\"https:\/\/schema.org\",\"@graph\":[{\"@type\":\"WebPage\",\"@id\":\"https:\/\/www.martinito-motors.com\/es\/\",\"url\":\"https:\/\/www.martinito-motors.com\/es\/\",\"name\":\"Casa - Martinito Motors\",\"isPartOf\":{\"@id\":\"https:\/\/www.martinito-motors.com\/#website\"},\"datePublished\":\"2018-02-21T05:40:13+00:00\",\"dateModified\":\"2018-02-21T16:58:07+00:00\",\"breadcrumb\":{\"@id\":\"https:\/\/www.martinito-motors.com\/es\/#breadcrumb\"},\"inLanguage\":\"es\",\"potentialAction\":[{\"@type\":\"ReadAction\",\"target\":[\"https:\/\/www.martinito-motors.com\/es\/\"]}]},{\"@type\":\"BreadcrumbList\",\"@id\":\"https:\/\/www.martinito-motors.com\/es\/#breadcrumb\",\"itemListElement\":[{\"@type\":\"ListItem\",\"position\":1,\"name\":\"Home\",\"item\":\"https:\/\/www.martinito-motors.com\/es\/\"},{\"@type\":\"ListItem\",\"position\":2,\"name\":\"Casa\"}]},{\"@type\":\"WebSite\",\"@id\":\"https:\/\/www.martinito-motors.com\/#website\",\"url\":\"https:\/\/www.martinito-motors.com\/\",\"name\":\"Martinito Motors\",\"description\":\"We Specialize In Hard To Find European Auto Parts\",\"potentialAction\":[{\"@type\":\"SearchAction\",\"target\":{\"@type\":\"EntryPoint\",\"urlTemplate\":\"https:\/\/www.martinito-motors.com\/?s={search_term_string}\"},\"query-input\":{\"@type\":\"PropertyValueSpecification\",\"valueRequired\":true,\"valueName\":\"search_term_string\"}}],\"inLanguage\":\"es\"}]}<\/script>\n<!-- \/ Yoast SEO plugin. -->","yoast_head_json":{"title":"Casa - Martinito Motors","robots":{"index":"index","follow":"follow","max-snippet":"max-snippet:-1","max-image-preview":"max-image-preview:large","max-video-preview":"max-video-preview:-1"},"canonical":"https:\/\/www.martinito-motors.com\/es\/","og_locale":"es_ES","og_type":"article","og_title":"Casa - Martinito Motors","og_description":"[mk_page_section bg_color=\u00bb#232628&#8243; bg_position=\u00bbcenter center\u00bb bg_repeat=\u00bbno-repeat\u00bb bg_stretch=\u00bbtrue\u00bb min_height=\u00bb0&#8243; padding_top=\u00bb0&#8243; padding_bottom=\u00bb0&#8243; sidebar=\u00bbsidebar-1&#8243;][vc_column][mk_custom_list style=\u00bbmk-icon-clock-o\u00bb icon_color=\u00bb#aaaaaa\u00bb margin_bottom=\u00bb-30&#8243; align=\u00bbright\u00bb animation=\u00bbscale-up\u00bb] LUN &#8211; VIE 8:30 AM &#8211; 5:30 PM | SAB 9:00 AM &#8211; 1:00 PM | SOL CERRADO [\/mk_custom_list][vc_separator color=\u00bbcustom\u00bb accent_color=\u00bb#373b3e\u00bb css=\u00bb.vc_custom_1504989775822{margin-top: 6px !important;margin-bottom: 1px !important;}\u00bb][\/vc_column][\/mk_page_section][mk_page_section bg_image=\u00bbhttp:\/\/www.martinito-motors.com\/wp-content\/uploads\/2017\/09\/headerbkgnd.png\u00bb bg_image_portrait=\u00bbhttp:\/\/www.martinito-motors.com\/wp-content\/uploads\/2017\/09\/headerbkgnd.png\u00bb bg_color=\u00bb#232628&#8243; bg_position=\u00bbcenter top\u00bb bg_repeat=\u00bbno-repeat\u00bb bg_stretch=\u00bbtrue\u00bb padding_top=\u00bb16&#8243; padding_bottom=\u00bb16&#8243; sidebar=\u00bbsidebar-1&#8243;][vc_column width=\u00bb1\/3&#8243;][mk_image src=\u00bbhttp:\/\/www.martinito-motors.com\/wp-content\/uploads\/2017\/09\/martinito-motors-logo.png\u00bb image_size=\u00bbfull\u00bb svg=\u00bbtrue\u00bb [&hellip;]","og_url":"https:\/\/www.martinito-motors.com\/es\/","og_site_name":"Martinito Motors","article_modified_time":"2018-02-21T16:58:07+00:00","twitter_card":"summary_large_image","twitter_misc":{"Tiempo de lectura":"9 minutos"},"schema":{"@context":"https:\/\/schema.org","@graph":[{"@type":"WebPage","@id":"https:\/\/www.martinito-motors.com\/es\/","url":"https:\/\/www.martinito-motors.com\/es\/","name":"Casa - Martinito Motors","isPartOf":{"@id":"https:\/\/www.martinito-motors.com\/#website"},"datePublished":"2018-02-21T05:40:13+00:00","dateModified":"2018-02-21T16:58:07+00:00","breadcrumb":{"@id":"https:\/\/www.martinito-motors.com\/es\/#breadcrumb"},"inLanguage":"es","potentialAction":[{"@type":"ReadAction","target":["https:\/\/www.martinito-motors.com\/es\/"]}]},{"@type":"BreadcrumbList","@id":"https:\/\/www.martinito-motors.com\/es\/#breadcrumb","itemListElement":[{"@type":"ListItem","position":1,"name":"Home","item":"https:\/\/www.martinito-motors.com\/es\/"},{"@type":"ListItem","position":2,"name":"Casa"}]},{"@type":"WebSite","@id":"https:\/\/www.martinito-motors.com\/#website","url":"https:\/\/www.martinito-motors.com\/","name":"Martinito Motors","description":"We Specialize In Hard To Find European Auto Parts","potentialAction":[{"@type":"SearchAction","target":{"@type":"EntryPoint","urlTemplate":"https:\/\/www.martinito-motors.com\/?s={search_term_string}"},"query-input":{"@type":"PropertyValueSpecification","valueRequired":true,"valueName":"search_term_string"}}],"inLanguage":"es"}]}},"_links":{"self":[{"href":"https:\/\/www.martinito-motors.com\/es\/wp-json\/wp\/v2\/pages\/405","targetHints":{"allow":["GET"]}}],"collection":[{"href":"https:\/\/www.martinito-motors.com\/es\/wp-json\/wp\/v2\/pages"}],"about":[{"href":"https:\/\/www.martinito-motors.com\/es\/wp-json\/wp\/v2\/types\/page"}],"author":[{"embeddable":true,"href":"https:\/\/www.martinito-motors.com\/es\/wp-json\/wp\/v2\/users\/4"}],"replies":[{"embeddable":true,"href":"https:\/\/www.martinito-motors.com\/es\/wp-json\/wp\/v2\/comments?post=405"}],"version-history":[{"count":10,"href":"https:\/\/www.martinito-motors.com\/es\/wp-json\/wp\/v2\/pages\/405\/revisions"}],"predecessor-version":[{"id":425,"href":"https:\/\/www.martinito-motors.com\/es\/wp-json\/wp\/v2\/pages\/405\/revisions\/425"}],"wp:attachment":[{"href":"https:\/\/www.martinito-motors.com\/es\/wp-json\/wp\/v2\/media?parent=405"}],"curies":[{"name":"wp","href":"https:\/\/api.w.org\/{rel}","templated":true}]}}